{"id":936,"date":"2017-08-07T11:41:42","date_gmt":"2017-08-07T09:41:42","guid":{"rendered":"http:\/\/rondvaartveere.nl\/?page_id=936"},"modified":"2025-11-20T14:26:17","modified_gmt":"2025-11-20T13:26:17","slug":"rundfahrten","status":"publish","type":"page","link":"https:\/\/rondvaartveere.nl\/de\/rundfahrten\/","title":{"rendered":"Rundfahrten"},"content":{"rendered":"<div class=\"wpb-content-wrapper\"><p>[vc_row][vc_column][vc_empty_space][\/vc_column][\/vc_row][vc_row type=&#8221;full_width_section&#8221;][vc_column width=&#8221;1\/2&#8243;][vc_column_text css=&#8221;&#8221;]<h2 style=\"text-align:center;\">Rundfahrten<\/h2><div class=\"title-block2\"><\/div>[vc_column_text]<\/p>\n<p id=\"tw-target-text\" class=\"tw-data-text tw-ta tw-text-small\" dir=\"ltr\" data-placeholder=\"Vertaling\"><span lang=\"de\">Zeitraum der Bootsfahrten, 2026<\/span><\/p>\n<p class=\"tw-data-text tw-ta tw-text-small\" dir=\"ltr\" data-placeholder=\"Vertaling\"><span lang=\"de\">Die Rundfahrten von Veere auf dem Veerse Meer finden t\u00e4glich von Freitag, 1 Mai. bis zum Sonntag, 27. September und den Herbstferien im Oktober (sieh unten) mit dem modernen Passagierschiff &#8220;Stad Veere&#8221; statt. <\/span><\/p>\n<p class=\"tw-data-text tw-ta tw-text-small\" dir=\"ltr\" data-placeholder=\"Vertaling\"><span lang=\"de\">Auf Anfrage ist es m\u00f6glich, dass Gruppen au\u00dferhalb der festgelegten Zeit fahren. Die Bootsfahrten Veerse Meer finden von der \u00a0Anlegestelle Campveerse Toren in Veere statt. <\/span><\/p>\n<p class=\"tw-data-text tw-ta tw-text-small\" dir=\"ltr\" data-placeholder=\"Vertaling\"><span lang=\"de\">Diese fahren jede Stunde ab, die erste um <span style=\"color: #3366ff;\">12.00<\/span> Uhr und die Letzte findet um 16.00 Uhr statt. (nicht am Montag, ausgenommen 4 und 25 Mai). In Juli und August auch um 11.00 Uhr f\u00fcr Gruppen; Bitte vorher reservieren.<\/span><\/p>\n<p>[\/vc_column_text][\/vc_column][vc_column width=&#8221;1\/2&#8243;][vc_column_text]<h2 style=\"text-align:center;\">Foto<\/h2><div class=\"title-block2\"><\/div>[vc_gallery type=&#8221;image_grid&#8221; images=&#8221;839,842,843,891,897,892&#8243;][\/vc_column_text][\/vc_column][\/vc_row][vc_row][vc_column][vc_column_text]Die Dauer der Rundfahrten betr\u00e4gt ein oder zwei Stunden. Nachfolgend finden Sie eine weitere Erkl\u00e4rung der Rundfahrten Veere. Diese Rundfahrten beinhalten die wundersch\u00f6nen Naturinseln, zeigen Ihnen die wilden Pferde am Wasser und nat\u00fcrlich machen all diese Boote und Yachten diese fahrt zu einem echten Erlebnis.[\/vc_column_text][\/vc_column][\/vc_row][vc_row][vc_column][vc_column_text css=&#8221;&#8221;]<h2 style=\"text-align:center;\">M\u00f6glichkeiten<\/h2><div class=\"title-block2\"><\/div>[vc_tta_tabs][vc_tta_section title=&#8221;Abfahrten: 1 Stunde&#8221; tab_id=&#8221;1474946433602-b7815530-5bc9&#8243;][vc_column_text]<\/p>\n<div id=\"tabs-tab-title-1\" class=\"ui-tabs-panel ui-widget-content ui-corner-bottom\">\n<table border=\"0\">\n<tbody>\n<tr>\n<td valign=\"top\">Abfahrten:<\/td>\n<td valign=\"top\">\n<p id=\"tw-target-text\" class=\"tw-data-text tw-ta tw-text-small\" dir=\"ltr\" data-placeholder=\"Vertaling\"><span lang=\"de\">Ab Veere f\u00e4hrt das Rundfahrtboot jede Stunde ab. Die erste Abfahrt ist um 12.00 Uhr und die Letzte um 16.00 Uhr nachmittags. <\/span><\/p>\n<p class=\"tw-data-text tw-ta tw-text-small\" dir=\"ltr\" data-placeholder=\"Vertaling\"><span lang=\"de\">Auf<span style=\"color: #0000ff;\">\u00a0Freitag<\/span>, im Mai, Juni und September, Rundfahrten um 12.00, 13.00 und 14.00<span style=\"color: #ff0000;\">*<\/span> Uhr. <\/span><\/p>\n<p class=\"tw-data-text tw-ta tw-text-small\" dir=\"ltr\" data-placeholder=\"Vertaling\"><span lang=\"de\"><span style=\"color: #0000ff;\">Montag<\/span> (Mai, Juni und September) keine Rundfahrten, ausgenommen 4 und 25 Mai.<\/span><\/p>\n<\/td>\n<\/tr>\n<tr>\n<td valign=\"top\">Dauer:<\/td>\n<td valign=\"top\">Die Rundfahrten dauern ungef\u00e4hr eine Stunde.<\/td>\n<\/tr>\n<tr>\n<td valign=\"top\">Preise:<\/td>\n<td valign=\"top\">\u20ac 13,20 Erwachsene<br \/>\n\u20ac 8,50 Kinder. <span style=\"font-family: inherit; font-size: inherit;\">Gruppenpreise erhalten Sie auf Anfrage (Email). Hunde sind an Bord erlaubt.<\/span><\/td>\n<\/tr>\n<tr>\n<td valign=\"top\">Tickets:<\/td>\n<td valign=\"top\">Kartenverkauf in Mai, Juni, Juli, August, September und Oktober: Am Schiff<\/td>\n<\/tr>\n<tr>\n<td valign=\"top\">Gruppe:<\/td>\n<td valign=\"top\">Wenn Die mit &gt; 10 personen zusammen sind, emphielt dies fr\u00fchseitig (per Email) mitzuteilen.<\/td>\n<\/tr>\n<tr>\n<td style=\"color: #029bde;\" valign=\"top\"><span style=\"color: #0000ff;\">Reservierung:<\/span><\/td>\n<td valign=\"top\">\n<p style=\"font-weight: 400;\"><span style=\"color: #ff0000;\">Im September kann die 16:00-Uhr-Rundfahrt aufgrund von Personenmangel abgesagt werden<\/span><\/p>\n<p>&nbsp;<\/td>\n<\/tr>\n<tr>\n<td valign=\"top\">Parken:<\/td>\n<td valign=\"top\">Parkplatz Oranjeplein (Zentrum), Parkplatz Kanalseite, rechts bei der Kirche (preisg\u00fcnstig), Parkplatz &#8220;Sandenburg&#8221;: frei parken<\/td>\n<\/tr>\n<\/tbody>\n<\/table>\n<p>&nbsp;<\/p>\n<\/div>\n<p>[\/vc_column_text][vc_tta_section title=&#8221;Abfahrten: 2 Stunden (Ost-West Tour)&#8221; tab_id=&#8221;1474946433683-1ac31c85-6066&#8243;][vc_column_text css=&#8221;&#8221;]<\/p>\n<table border=\"0\">\n<tbody>\n<tr>\n<td valign=\"top\">Abfahrten:<\/td>\n<td valign=\"top\">Auf Anfrage: 12.00 Uhr oder 13.00 Uur<\/td>\n<\/tr>\n<tr>\n<td valign=\"top\">Tickets:<\/td>\n<td valign=\"top\">\u20ac 19,30 f\u00fcr Erwachsene<br \/>\n\u20ac 11,00 f\u00fcr Kinder<\/td>\n<\/tr>\n<\/tbody>\n<\/table>\n<p>[\/vc_column_text][\/vc_tta_section][vc_tta_section title=&#8221;Reservierung&#8221; tab_id=&#8221;1474946496822-d1e94d54-bac3&#8243;][vc_column_text]<\/p>\n<table border=\"0\">\n<tbody>\n<tr>\n<td valign=\"top\"><span style=\"font-family: inherit;\">Es ist m\u00f6glich, Rundahrten vorher zu buchen, sowohl f\u00fcr kleine als auch f\u00fcr gro\u00dfe Gruppen. In Verbindung mit der Registrierung ist dies nur per E-Mail m\u00f6glich, wobei Name, Adresse und Telefonnummer \u00fcber das Kontaktformular anzugeben sind. Wir sorgen daf\u00fcr, dass Sie so schnell wie m\u00f6glich eine Antwort erhalten<\/span>.<\/td>\n<td valign=\"top\"><\/td>\n<\/tr>\n<\/tbody>\n<\/table>\n<p>[\/vc_column_text][\/vc_tta_section][vc_tta_section title=&#8221;Herbstferien (October 2026)&#8221; tab_id=&#8221;1501338590673-553c26fb-4d1a&#8221;][vc_column_text css=&#8221;&#8221;]<\/p>\n<h2>Herbstferien Rundfahrten aus Veere (Okt 2026; Gruppen)<\/h2>\n<table border=\"0\">\n<tbody>\n<tr>\n<td>Sonntag<\/td>\n<td>Oktober<\/td>\n<\/tr>\n<tr>\n<td>Dienstag<\/td>\n<td>Oktober<\/td>\n<\/tr>\n<tr>\n<td>Mittwoch<\/td>\n<td>Oktober<\/td>\n<\/tr>\n<tr>\n<td>Sonntag<\/td>\n<td>Oktober<\/td>\n<\/tr>\n<tr>\n<td>Dienstag<\/td>\n<td>Oktober<\/td>\n<\/tr>\n<tr>\n<td>Mittwoch<\/td>\n<td>Oktober<\/td>\n<\/tr>\n<\/tbody>\n<\/table>\n<p>[\/vc_column_text][\/vc_tta_section][vc_row_inner][vc_column_inner width=&#8221;1\/3&#8243;]<!-- BEGIN .clearfix -->\n\t\t\t<div class=\"clearfix\">\n\t\t\t\t<a href=\"https:\/\/rondvaartveere.nl\/de\/rundfahrten \/\" \/>\n\t\t\t\t\t<!-- BEGIN .icon-block -->\n\t\t\t\t\t<div class=\"yachtcharter-one-third home-icon-wrapper\">\n\t\t\t\t\t\t<div class=\"yachtcharter-home-icon\">\n\t\t\t\t\t\t\t<img decoding=\"async\" src=\"https:\/\/rondvaartveere.nl\/wp-content\/uploads\/2016\/10\/SV-Varend-11-min.jpg\" \/>\n\t\t\t\t\t\t<\/div>\n\t\t\t\t\t\t<h4 style=\"text-align:center;\">Rundfahrten<\/h4>\n\t\t\t\t\t\t<div class=\"title-block3\"><\/div>\n\t\t\t\t\t<\/div>\n\t\t\t\t<\/a>\n\t\t\t<!-- END .clearfix -->\n\t\t\t<\/div>[\/vc_column_inner][vc_column_inner width=&#8221;1\/3&#8243;]<!-- BEGIN .clearfix -->\n\t\t\t<div class=\"clearfix\">\n\t\t\t\t<a href=\"https:\/\/rondvaartveere.nl\/de\/private-kreuzfahrten\/\" \/>\n\t\t\t\t\t<!-- BEGIN .icon-block -->\n\t\t\t\t\t<div class=\"yachtcharter-one-third home-icon-wrapper\">\n\t\t\t\t\t\t<div class=\"yachtcharter-home-icon\">\n\t\t\t\t\t\t\t<img decoding=\"async\" src=\"https:\/\/rondvaartveere.nl\/wp-content\/uploads\/2016\/10\/Entree-check.jpg\" \/>\n\t\t\t\t\t\t<\/div>\n\t\t\t\t\t\t<h4 style=\"text-align:center;\">Feste<\/h4>\n\t\t\t\t\t\t<div class=\"title-block3\"><\/div>\n\t\t\t\t\t<\/div>\n\t\t\t\t<\/a>\n\t\t\t<!-- END .clearfix -->\n\t\t\t<\/div>[\/vc_column_inner][vc_column_inner width=&#8221;1\/3&#8243;]<!-- BEGIN .clearfix -->\n\t\t\t<div class=\"clearfix\">\n\t\t\t\t<a href=\"https:\/\/rondvaartveere.nl\/de\/unternehmen-geschehen\/\" \/>\n\t\t\t\t\t<!-- BEGIN .icon-block -->\n\t\t\t\t\t<div class=\"yachtcharter-one-third home-icon-wrapper\">\n\t\t\t\t\t\t<div class=\"yachtcharter-home-icon\">\n\t\t\t\t\t\t\t<img decoding=\"async\" src=\"https:\/\/rondvaartveere.nl\/wp-content\/uploads\/2016\/10\/1-Presentatie-SV-1.jpg\" \/>\n\t\t\t\t\t\t<\/div>\n\t\t\t\t\t\t<h4 style=\"text-align:center;\">Gesch\u00e4ftliche Veranstaltungen<\/h4>\n\t\t\t\t\t\t<div class=\"title-block3\"><\/div>\n\t\t\t\t\t<\/div>\n\t\t\t\t<\/a>\n\t\t\t<!-- END .clearfix -->\n\t\t\t<\/div>[\/vc_column_inner][\/vc_row_inner][\/vc_column][\/vc_row]<\/p>\n<\/div>","protected":false},"excerpt":{"rendered":"<p>[vc_row][vc_column][vc_empty_space][\/vc_column][\/vc_row][vc_row type=&#8221;full_width_section&#8221;][vc_column width=&#8221;1\/2&#8243;][vc_column_text css=&#8221;&#8221;][vc_column_text] Zeitraum der Bootsfahrten, 2026 Die Rundfahrten von Veere auf dem Veerse Meer finden t\u00e4glich von Freitag, 1 Mai. bis zum Sonntag, 27. September und den Herbstferien im Oktober (sieh unten) mit dem modernen Passagierschiff &#8220;Stad Veere&#8221; statt. Auf Anfrage ist es m\u00f6glich, dass Gruppen au\u00dferhalb der festgelegten Zeit fahren. Die Bootsfahrten<\/p>\n","protected":false},"author":1,"featured_media":0,"parent":0,"menu_order":0,"comment_status":"closed","ping_status":"closed","template":"","meta":{"footnotes":""},"class_list":["post-936","page","type-page","status-publish","hentry"],"_links":{"self":[{"href":"https:\/\/rondvaartveere.nl\/de\/wp-json\/wp\/v2\/pages\/936","targetHints":{"allow":["GET"]}}],"collection":[{"href":"https:\/\/rondvaartveere.nl\/de\/wp-json\/wp\/v2\/pages"}],"about":[{"href":"https:\/\/rondvaartveere.nl\/de\/wp-json\/wp\/v2\/types\/page"}],"author":[{"embeddable":true,"href":"https:\/\/rondvaartveere.nl\/de\/wp-json\/wp\/v2\/users\/1"}],"replies":[{"embeddable":true,"href":"https:\/\/rondvaartveere.nl\/de\/wp-json\/wp\/v2\/comments?post=936"}],"version-history":[{"count":211,"href":"https:\/\/rondvaartveere.nl\/de\/wp-json\/wp\/v2\/pages\/936\/revisions"}],"predecessor-version":[{"id":1864,"href":"https:\/\/rondvaartveere.nl\/de\/wp-json\/wp\/v2\/pages\/936\/revisions\/1864"}],"wp:attachment":[{"href":"https:\/\/rondvaartveere.nl\/de\/wp-json\/wp\/v2\/media?parent=936"}],"curies":[{"name":"wp","href":"https:\/\/api.w.org\/{rel}","templated":true}]}}