{"id":946,"date":"2017-08-07T15:54:32","date_gmt":"2017-08-07T13:54:32","guid":{"rendered":"http:\/\/rondvaartveere.nl\/home\/"},"modified":"2024-11-04T12:13:29","modified_gmt":"2024-11-04T11:13:29","slug":"home","status":"publish","type":"page","link":"https:\/\/rondvaartveere.nl\/de\/","title":{"rendered":"Home"},"content":{"rendered":"<div class=\"wpb-content-wrapper\"><p>[vc_row][vc_column css=&#8221;.vc_custom_1475031924841{margin-bottom: 30px !important;}&#8221;][rev_slider_vc alias=&#8221;homepage-slider-de&#8221;][\/vc_column][\/vc_row][vc_row][vc_column][vc_column_text]<h2 style=\"text-align:center;\">Rundfahrt Veere<\/h2><div class=\"title-block2\"><\/div>[vc_column_text]<br \/>\nAber sobald die sch\u00f6nste Stadt in den Niederlanden? Nat\u00fcrlich werden Sie sagen, dass Sie auf jeden Fall Veere schon einmal besucht!<br \/>\n[\/vc_column_text][vc_row_inner][vc_column_inner width=&#8221;1\/3&#8243;]<!-- BEGIN .clearfix -->\n\t\t\t<div class=\"clearfix\">\n\t\t\t\t<a href=\"https:\/\/rondvaartveere.nl\/de\/vaartochten\/kreuzfahrten\/\" \/>\n\t\t\t\t\t<!-- BEGIN .icon-block -->\n\t\t\t\t\t<div class=\"yachtcharter-one-third home-icon-wrapper\">\n\t\t\t\t\t\t<div class=\"yachtcharter-home-icon\">\n\t\t\t\t\t\t\t<img decoding=\"async\" src=\"https:\/\/rondvaartveere.nl\/wp-content\/uploads\/2016\/10\/SV-Varend-11-min.jpg\" \/>\n\t\t\t\t\t\t<\/div>\n\t\t\t\t\t\t<h4 style=\"text-align:center;\">Rundfahrten<\/h4>\n\t\t\t\t\t\t<div class=\"title-block3\"><\/div>\n\t\t\t\t\t<\/div>\n\t\t\t\t<\/a>\n\t\t\t<!-- END .clearfix -->\n\t\t\t<\/div>[\/vc_column_inner][vc_column_inner width=&#8221;1\/3&#8243;]<!-- BEGIN .clearfix -->\n\t\t\t<div class=\"clearfix\">\n\t\t\t\t<a href=\"https:\/\/rondvaartveere.nl\/de\/vaartochten\/feiern\/\" \/>\n\t\t\t\t\t<!-- BEGIN .icon-block -->\n\t\t\t\t\t<div class=\"yachtcharter-one-third home-icon-wrapper\">\n\t\t\t\t\t\t<div class=\"yachtcharter-home-icon\">\n\t\t\t\t\t\t\t<img decoding=\"async\" src=\"https:\/\/rondvaartveere.nl\/wp-content\/uploads\/2016\/10\/Entree-check.jpg\" \/>\n\t\t\t\t\t\t<\/div>\n\t\t\t\t\t\t<h4 style=\"text-align:center;\">Feste<\/h4>\n\t\t\t\t\t\t<div class=\"title-block3\"><\/div>\n\t\t\t\t\t<\/div>\n\t\t\t\t<\/a>\n\t\t\t<!-- END .clearfix -->\n\t\t\t<\/div>[\/vc_column_inner][vc_column_inner width=&#8221;1\/3&#8243;]<!-- BEGIN .clearfix -->\n\t\t\t<div class=\"clearfix\">\n\t\t\t\t<a href=\"https:\/\/rondvaartveere.nl\/de\/vaartochten\/unternehmen-geschehen\/\" \/>\n\t\t\t\t\t<!-- BEGIN .icon-block -->\n\t\t\t\t\t<div class=\"yachtcharter-one-third home-icon-wrapper\">\n\t\t\t\t\t\t<div class=\"yachtcharter-home-icon\">\n\t\t\t\t\t\t\t<img decoding=\"async\" src=\"https:\/\/rondvaartveere.nl\/wp-content\/uploads\/2016\/10\/1-Presentatie-SV-1.jpg\" \/>\n\t\t\t\t\t\t<\/div>\n\t\t\t\t\t\t<h4 style=\"text-align:center;\">Businesse Veranstaltungen<\/h4>\n\t\t\t\t\t\t<div class=\"title-block3\"><\/div>\n\t\t\t\t\t<\/div>\n\t\t\t\t<\/a>\n\t\t\t<!-- END .clearfix -->\n\t\t\t<\/div>[\/vc_column_inner][\/vc_row_inner][\/vc_column][\/vc_row][vc_row type=&#8221;full_width_section&#8221;][vc_column css=&#8221;.vc_custom_1475110437137{margin-right: 0px !important;margin-left: 0px !important;border-right-width: 0px !important;border-left-width: 0px !important;padding-right: 0px !important;padding-left: 0px !important;}&#8221;][vc_column_text css=&#8221;&#8221;]<!-- BEGIN .clearfix -->\n\t\t\t<div class=\"clearfix\">\n\n\t\t\t\t<!-- BEGIN .about-us-block -->\n\t\t\t\t<div class=\"about-us-block about-us-block-1\">\n\n\t\t\t\t\t<h3>Rundfahrt Veere<\/h3>\n\t\t\t\t\t<div class=\"title-block4\"><\/div>\n\t\t\t\t\t<p>Die Rundfahrten von Veere auf dem Veerse Meer finden t\u00e4glich von Donnerstag, dem 1. Mai bis Samstag, dem 27. September und den Herbstferien (Oktober) statt. Mit dem modernen Passagierschiff &#8220;Stad Veere&#8221; finden die Rundfahrten statt<\/p>\n\t\t\t\t\t<a href=\"https:\/\/rondvaartveere.nl\/rondvaarten\/\" class=\"button0\"><i class=\"fa fa-arrow-circle-right\"><\/i>Mehr Informationen<\/a>\n\n\t\t\t\t<!-- END .about-us-block -->\n\t\t\t\t<\/div>\n\n\t\t\t\t<div class=\"video-wrapper video-wrapper-home\" style=\"background:url(https:\/\/rondvaartveere.nl\/wp-content\/uploads\/2016\/10\/Bruiloft-SV-2-min-1.jpg) no-repeat center top;\">\n\t\t\t\t<\/div>\n\n\t\t\t<!-- END .clearfix -->\n\t\t\t<\/div>[\/vc_column_text][\/vc_column][\/vc_row][vc_row type=&#8221;full_width_section&#8221;][vc_column css=&#8221;.vc_custom_1505391066831{background-color: rgba(247,247,247,0.52) !important;background-position: center !important;background-repeat: no-repeat !important;background-size: cover !important;*background-color: rgb(247,247,247) !important;}&#8221;][vc_column_text]<!-- BEGIN .clearfix -->\n\t\t\t\t<div class=\"full-width-message-wrapper\" style=\"background-color: rgba(247, 247, 247, 0.38);\">\n\t\t\t\t<!-- BEGIN .full-width-message-inner -->\n\t\t\t\t\t<div class=\"full-width-message-inner\">\n\t\t\t\n\t\t\t\t\t\t<h3 style=\"color:#1a1f2b;\">Wenn Sie Informationen und \/ oder Fragen haben, f\u00fcllen Sie bitte das Formular auf der Seite ``Kontakt`` aus, damit wir Ihnen vollst\u00e4ndige und vollst\u00e4ndige Informationen zur Verf\u00fcgung stellen k\u00f6nnen<\/h3>\n\t\t\t\n\t\t\t\t\t\t<div class=\"call-to-action-button-wrapper clearfix\">\n\t\t\t\t\t\t\t<a href=\"https:\/\/rondvaartveere.nl\/impressie\/\" class=\"button-view-yachts\">\n\t\t\t\t\t\t\t\t<i class=\"fa fa fa-picture-o\"><\/i>Sieh unsere Schiffe\n\t\t\t\t\t\t\t<\/a>\n\t\t\t\t\t\t\t<a href=\"https:\/\/rondvaartveere.nl\/contact\/\" class=\"button-get-in-touch\">\n\t\t\t\t\t\t\t\t<i class=\"fa fa fa-envelope-o\"><\/i>Kontakt\n\t\t\t\t\t\t\t<\/a>\n\t\t\t\t\t\t<\/div>\n\t\t\t\n\t\t\t\t\t\t<div class=\"clearboth\"><\/div>\n\t\t\t\n\t\t\t\t\t<!-- END .full-width-message-inner -->\n\t\t\t\t\t<\/div>\n\t\t\t\n\t\t\t\t<!-- END .full-width-message-wrapper -->\n\t\t\t\t<\/div>[\/vc_column_text][\/vc_column][\/vc_row]<\/p>\n<\/div>","protected":false},"excerpt":{"rendered":"<p>[vc_row][vc_column css=&#8221;.vc_custom_1475031924841{margin-bottom: 30px !important;}&#8221;][rev_slider_vc alias=&#8221;homepage-slider-de&#8221;][\/vc_column][\/vc_row][vc_row][vc_column][vc_column_text][vc_column_text] Aber sobald die sch\u00f6nste Stadt in den Niederlanden? Nat\u00fcrlich werden Sie sagen, dass Sie auf jeden Fall Veere schon einmal besucht! [\/vc_column_text][vc_row_inner][vc_column_inner width=&#8221;1\/3&#8243;][\/vc_column_inner][vc_column_inner width=&#8221;1\/3&#8243;][\/vc_column_inner][vc_column_inner width=&#8221;1\/3&#8243;][\/vc_column_inner][\/vc_row_inner][\/vc_column][\/vc_row][vc_row type=&#8221;full_width_section&#8221;][vc_column css=&#8221;.vc_custom_1475110437137{margin-right: 0px !important;margin-left: 0px !important;border-right-width: 0px !important;border-left-width: 0px !important;padding-right: 0px !important;padding-left: 0px !important;}&#8221;][vc_column_text css=&#8221;&#8221;][\/vc_column_text][\/vc_column][\/vc_row][vc_row type=&#8221;full_width_section&#8221;][vc_column css=&#8221;.vc_custom_1505391066831{background-color: rgba(247,247,247,0.52) !important;background-position: center !important;background-repeat: no-repeat !important;background-size: cover !important;*background-color:<\/p>\n","protected":false},"author":1,"featured_media":0,"parent":0,"menu_order":0,"comment_status":"closed","ping_status":"closed","template":"","meta":{"footnotes":""},"class_list":["post-946","page","type-page","status-publish","hentry"],"_links":{"self":[{"href":"https:\/\/rondvaartveere.nl\/de\/wp-json\/wp\/v2\/pages\/946","targetHints":{"allow":["GET"]}}],"collection":[{"href":"https:\/\/rondvaartveere.nl\/de\/wp-json\/wp\/v2\/pages"}],"about":[{"href":"https:\/\/rondvaartveere.nl\/de\/wp-json\/wp\/v2\/types\/page"}],"author":[{"embeddable":true,"href":"https:\/\/rondvaartveere.nl\/de\/wp-json\/wp\/v2\/users\/1"}],"replies":[{"embeddable":true,"href":"https:\/\/rondvaartveere.nl\/de\/wp-json\/wp\/v2\/comments?post=946"}],"version-history":[{"count":34,"href":"https:\/\/rondvaartveere.nl\/de\/wp-json\/wp\/v2\/pages\/946\/revisions"}],"predecessor-version":[{"id":1800,"href":"https:\/\/rondvaartveere.nl\/de\/wp-json\/wp\/v2\/pages\/946\/revisions\/1800"}],"wp:attachment":[{"href":"https:\/\/rondvaartveere.nl\/de\/wp-json\/wp\/v2\/media?parent=946"}],"curies":[{"name":"wp","href":"https:\/\/api.w.org\/{rel}","templated":true}]}}