{"id":954,"date":"2017-08-07T16:05:22","date_gmt":"2017-08-07T14:05:22","guid":{"rendered":"http:\/\/rondvaartveere.nl\/private-kreuzfahrten\/"},"modified":"2019-04-19T09:22:32","modified_gmt":"2019-04-19T07:22:32","slug":"private-kreuzfahrten","status":"publish","type":"page","link":"https:\/\/rondvaartveere.nl\/de\/private-kreuzfahrten\/","title":{"rendered":"Private Rundfahrten"},"content":{"rendered":"<div class=\"wpb-content-wrapper\"><p>[vc_row][vc_column width=&#8221;1\/2&#8243;][vc_column_text]Neben den regelm\u00e4\u00dfigen Schifffahrten ab Veere ist es auch m\u00f6glich, das moderne Schiff \u201eStad Veere\u201c und &#8220;Stad Veere II&#8221;&nbsp;f\u00fcr diverse famili\u00e4re Veranstaltungen zu mieten.<\/p>\n<h2>Partyschiffe<\/h2>\n<p>Das multifunktionelle Schiff \u201eStad Veere\u201c hat ein Fassungsverm\u00f6gen von 25 bis 65 Personen. Dies gilt sowohl f\u00fcr den Innensalon als auch f\u00fcr das Oberdeck. Das Schiff wurde im Jahr 2006 gebaut und ist besonders f\u00fcr Veranstaltungen geeignet. Neben einer gro\u00dfen Tanzfl\u00e4che verf\u00fcgt es z.B. \u00fcber einen Buffetlift.<\/p>\n<p>Das kleine authentische Schiff \u201eStad Veere II\u201c hat ein Fassungsverm\u00f6gen f\u00fcr Gesellschaften von 15 bis 25 Leute.<\/p>\n<p>Beide Schiffe werden in ganz Zeeland f\u00fcr fahrende Veranstaltungen eingesetzt. Diese Veranstaltungen k\u00f6nnen am festen Liegeplatz in Veere stattfinden oder in diversen anderen zeel\u00e4ndischen H\u00e4fen (z.B Breskens Kats, Kortgene)[\/vc_column_text][\/vc_column][vc_column width=&#8221;1\/2&#8243;][vc_single_image image=&#8221;896&#8243; img_size=&#8221;full&#8221;][\/vc_column][\/vc_row][vc_row][vc_column][vc_column_text]<\/p>\n<h2>Veranstaltungen<\/h2>\n<p>Auf beiden Schiffen k\u00f6nnen diverse Veranstaltungen organisiert werden. So werden verschiedene Hochzeiten (als auch silberne oder goldene Hochzeit) an Bord gefeiert&nbsp; Es ist sogar m\u00f6glich, die offizielle Eheschlie\u00dfung an einem der Schiffe zu vollziehen.<\/p>\n<p>Des Weiteren werden auch Geburtstage, Familienzusammenk\u00fcnfte wie auch diverse andere Jubil\u00e4en an Bord gefeiert. Von den stattgefundenen Veranstaltungen k\u00f6nnen wir auf vorherige Anfrage, Fotos nachreichen.<\/p>\n<h2>Catering<\/h2>\n<p>W\u00e4hrend diverser Veranstaltungen an Bord k\u00f6nnen wir Sie mit Catering versorgen. Dies ist m\u00f6glich von einer echten zeel\u00e4ndischen Kaffeetafel bis zu einem umfangreichen warmen &amp; kalten Buffet oder einem komplett ausgestattetem Barbecue auf dem Au\u00dfendeck unserer Schiffe unter Genuss der Sonne und eines leckeren Getr\u00e4nkes. Dies organisieren wir alles in eigener Regie, sodass wir eine konstant hohe Qualit\u00e4t unseres Caterings garantieren k\u00f6nnen.<\/p>\n<h2>Musikalischer Rahmen<\/h2>\n<p>Wir k\u00f6nnen Ihrem Fest einen kompletten Rahmen geben, So haben wir f\u00fcr den musikalischen Rahmen feste Musiker, die f\u00fcr wunschgem\u00e4\u00dfe Begleitung sorgen: Von Klassik bis Pop, von Disco bis Country. Neben der musikalischen Unterhaltung k\u00f6nnen wir auch einen Karikaturisten und\/oder einen<\/p>\n<p>Zauberer f\u00fcr sie engagieren. Diese Menschen k\u00f6nnen Ihre G\u00e4ste, neben einer guten Stimmung auf angenehme Art und Weise und auf Ihre W\u00fcnsche abgestimmte Art besch\u00e4ftigen.<\/p>\n<h2>Resume<\/h2>\n<p>Zur Best\u00e4tigung, dass Ihr Fest bei uns in guten H\u00e4nden ist, legen wir gerne Referenten vor.[\/vc_column_text][\/vc_column][\/vc_row][vc_row type=&#8221;full_width_section&#8221;][vc_column]<!-- BEGIN .clearfix -->\n\t\t\t\t<div class=\"full-width-message-wrapper\" style=\"background-color: rgba(247, 247, 247, 0.38);\">\n\t\t\t\t<!-- BEGIN .full-width-message-inner -->\n\t\t\t\t\t<div class=\"full-width-message-inner\">\n\t\t\t\n\t\t\t\t\t\t<h3 style=\"color:#1a1f2b;\">Wenn Sie fragen haben oder weiter Information ben\u00f6tigen, f\u00fcllen Sie bitte das Formular auf der Kontaktseite komplett erf\u00fcllen, damit wir Sie bestm\u00f6glich informieren k\u00f6nnen.<\/h3>\n\t\t\t\n\t\t\t\t\t\t<div class=\"call-to-action-button-wrapper clearfix\">\n\t\t\t\t\t\t\t<a href=\"https:\/\/rondvaartveere.nl\/de\/eindruck\/\" class=\"button-view-yachts\">\n\t\t\t\t\t\t\t\t<i class=\"fa fa fa-picture-o\"><\/i>Blider\n\t\t\t\t\t\t\t<\/a>\n\t\t\t\t\t\t\t<a href=\"https:\/\/rondvaartveere.nl\/de\/kontakt\/\" class=\"button-get-in-touch\">\n\t\t\t\t\t\t\t\t<i class=\"fa fa fa-envelope-o\"><\/i>Kontakt\n\t\t\t\t\t\t\t<\/a>\n\t\t\t\t\t\t<\/div>\n\t\t\t\n\t\t\t\t\t\t<div class=\"clearboth\"><\/div>\n\t\t\t\n\t\t\t\t\t<!-- END .full-width-message-inner -->\n\t\t\t\t\t<\/div>\n\t\t\t\n\t\t\t\t<!-- END .full-width-message-wrapper -->\n\t\t\t\t<\/div>[\/vc_column][\/vc_row]<\/p>\n<\/div>","protected":false},"excerpt":{"rendered":"<p>[vc_row][vc_column width=&#8221;1\/2&#8243;][vc_column_text]Neben den regelm\u00e4\u00dfigen Schifffahrten ab Veere ist es auch m\u00f6glich, das moderne Schiff \u201eStad Veere\u201c und &#8220;Stad Veere II&#8221;&nbsp;f\u00fcr diverse famili\u00e4re Veranstaltungen zu mieten. Partyschiffe Das multifunktionelle Schiff \u201eStad Veere\u201c hat ein Fassungsverm\u00f6gen von 25 bis 65 Personen. Dies gilt sowohl f\u00fcr den Innensalon als auch f\u00fcr das Oberdeck. Das Schiff wurde im Jahr<\/p>\n","protected":false},"author":1,"featured_media":0,"parent":0,"menu_order":0,"comment_status":"closed","ping_status":"closed","template":"","meta":{"footnotes":""},"class_list":["post-954","page","type-page","status-publish","hentry"],"_links":{"self":[{"href":"https:\/\/rondvaartveere.nl\/de\/wp-json\/wp\/v2\/pages\/954","targetHints":{"allow":["GET"]}}],"collection":[{"href":"https:\/\/rondvaartveere.nl\/de\/wp-json\/wp\/v2\/pages"}],"about":[{"href":"https:\/\/rondvaartveere.nl\/de\/wp-json\/wp\/v2\/types\/page"}],"author":[{"embeddable":true,"href":"https:\/\/rondvaartveere.nl\/de\/wp-json\/wp\/v2\/users\/1"}],"replies":[{"embeddable":true,"href":"https:\/\/rondvaartveere.nl\/de\/wp-json\/wp\/v2\/comments?post=954"}],"version-history":[{"count":20,"href":"https:\/\/rondvaartveere.nl\/de\/wp-json\/wp\/v2\/pages\/954\/revisions"}],"predecessor-version":[{"id":1424,"href":"https:\/\/rondvaartveere.nl\/de\/wp-json\/wp\/v2\/pages\/954\/revisions\/1424"}],"wp:attachment":[{"href":"https:\/\/rondvaartveere.nl\/de\/wp-json\/wp\/v2\/media?parent=954"}],"curies":[{"name":"wp","href":"https:\/\/api.w.org\/{rel}","templated":true}]}}