{"id":1166,"date":"2017-12-01T15:42:51","date_gmt":"2017-12-01T14:42:51","guid":{"rendered":"https:\/\/rondvaartveere.nl\/croisieres\/"},"modified":"2025-11-20T14:29:34","modified_gmt":"2025-11-20T13:29:34","slug":"croisieres","status":"publish","type":"page","link":"https:\/\/rondvaartveere.nl\/fr\/croisieres\/","title":{"rendered":"Croisi\u00e8res"},"content":{"rendered":"<div class=\"wpb-content-wrapper\"><p>[vc_row][vc_column][vc_empty_space][\/vc_column][\/vc_row][vc_row type=&#8221;full_width_section&#8221;][vc_column width=&#8221;1\/2&#8243;][vc_column_text css=&#8221;&#8221;]<h2 style=\"text-align:center;\">Croisi\u00e8res<\/h2><div class=\"title-block2\"><\/div>[vc_column_text]<\/p>\n<h3 class=\"tw-data-text tw-ta tw-text-small\" dir=\"ltr\" data-placeholder=\"Vertaling\"><span lang=\"fr\">P\u00e9riode des\u00a0<\/span><span lang=\"fr\">Croisi\u00e8res en Bateau, 2026<\/span><\/h3>\n<p class=\"tw-data-text tw-ta tw-text-small\" dir=\"ltr\" data-placeholder=\"Vertaling\"><span lang=\"fr\">Les croisi\u00e8res depuis Veere sur le Veerse Meer ont lieu tous les jours du vendredi 1 Mai au dimanche 27 septembre et les vacances d&#8217;automne; Octobre (voir les dates ci-dessous) avec le bateau \u00e0 passagers &#8220;Stad Veere&#8221;. Sur demande, il est possible pour les groupes de naviguer en dehors de la p\u00e9riode d\u00e9finie. Le bateau voyage \u00e0 Veerse Meer depuis la jet\u00e9e Campveerse Toren \u00e0 Veere. Ceux-ci partent toutes les heures, le premier \u00e0 11 heures du matin. Ce dernier a lieu \u00e0 16h00.<\/span><\/p>\n<p>[\/vc_column_text][\/vc_column][vc_column width=&#8221;1\/2&#8243;][vc_column_text]<h2 style=\"text-align:center;\">Photos<\/h2><div class=\"title-block2\"><\/div>[vc_gallery type=&#8221;image_grid&#8221; images=&#8221;12,15,16,1133,1139,1134&#8243;][\/vc_column_text][\/vc_column][\/vc_row][vc_row][vc_column][vc_column_text]La dur\u00e9e des croisi\u00e8res est d&#8217;une ou deux heures. Ci-dessous, vous trouverez une explication suppl\u00e9mentaire du Croisi\u00e8res Veere. Ces croisi\u00e8res incluent les belles \u00eeles de la nature, vous montrent les chevaux sauvages sur le front de mer et bien s\u00fbr, tous ces bateaux et yachts autour de vous font de cette croisi\u00e8re une v\u00e9ritable exp\u00e9rience.[\/vc_column_text][\/vc_column][\/vc_row][vc_row][vc_column][vc_column_text css=&#8221;&#8221;]<h2 style=\"text-align:center;\">opportunit\u00e9s<\/h2><div class=\"title-block2\"><\/div>[vc_tta_tabs][vc_tta_section title=&#8221;Temps de navigation: 1 heure&#8221; tab_id=&#8221;1474946433602-b7815530-5bc9&#8243;][vc_column_text]<\/p>\n<div id=\"tabs-tab-title-1\" class=\"ui-tabs-panel ui-widget-content ui-corner-bottom\">\n<p>&nbsp;<\/p>\n<table border=\"0\">\n<tbody>\n<tr>\n<td valign=\"top\"><span style=\"color: #0000ff;\">D\u00e9part:<\/span><\/td>\n<td valign=\"top\">De Veere, le bateau d&#8217;excursion part toutes les heures. Le premier vol est \u00e0 12h00 du matin et le dernier est \u00e0 16h00 dans l&#8217;apr\u00e8s-midi.<\/td>\n<\/tr>\n<tr>\n<td valign=\"top\">\n<p id=\"tw-target-text\" class=\"tw-data-text tw-ta tw-text-medium\" dir=\"ltr\" data-placeholder=\"Vertaling\"><span lang=\"fr\" style=\"color: #0000ff;\">Temps de navigation:<\/span><\/p>\n<\/td>\n<td valign=\"top\">Les croisi\u00e8res de Veere prennent environ une heure.<\/td>\n<\/tr>\n<tr>\n<td valign=\"top\"><span style=\"color: #0000ff;\">Prix:<\/span><\/td>\n<td valign=\"top\">\u20ac 13,20 adults<br \/>\n\u20ac 8,50 les enfants.<\/td>\n<\/tr>\n<\/tbody>\n<\/table>\n<\/div>\n<p class=\"tw-data-text tw-ta tw-text-small\" dir=\"ltr\" data-placeholder=\"Vertaling\"><span lang=\"fr\">Les prix de groupe peuvent \u00eatre obtenus sur demande (par email)<br \/>\n<\/span><span lang=\"fr\">Les chiens sont autoris\u00e9s sur le bateau en laisse<\/span><\/p>\n<p><span style=\"color: #0000ff;\">Tickets:<\/span><\/p>\n<p id=\"tw-target-text\" class=\"tw-data-text tw-ta tw-text-small\" dir=\"ltr\" data-placeholder=\"Vertaling\"><span lang=\"fr\">Vente de billets en mai, juin,<\/span><span lang=\"fr\"> septembre: sur le bateau<br \/>\n<\/span><\/p>\n<p><span style=\"color: #0000ff;\">Groups:<\/span><\/p>\n<p id=\"tw-target-text\" class=\"tw-data-text tw-ta tw-text-small\" dir=\"ltr\" data-placeholder=\"Vertaling\"><span lang=\"fr\">Il est conseill\u00e9, si vous \u00eates avec &gt; 10 personnes, de bien communiquer \u00e0 l&#8217;avance (par email).<\/span><\/p>\n<p><span style=\"color: #0000ff;\">R\u00e9servation:<\/span><\/p>\n<p id=\"tw-target-text\" class=\"tw-data-text tw-ta tw-text-small\" dir=\"ltr\" data-placeholder=\"Vertaling\"><span lang=\"fr\">En dehors des jours \/ heures indiqu\u00e9s, vous pouvez \u00e9galement faire une excursion en bateau avec un groupe ou faire une croisi\u00e8re priv\u00e9e, en louant le bateau d&#8217;excursion.<\/span><\/p>\n<p><span style=\"color: #0000ff;\">Parking:<\/span><\/p>\n<p id=\"tw-target-text\" class=\"tw-data-text tw-ta tw-text-small\" dir=\"ltr\" data-placeholder=\"Vertaling\"><span lang=\"fr\">Parking Oranjeplein, Parking c\u00f4t\u00e9 du canal de stationnement; tarif r\u00e9duit.\u00a0<\/span><span lang=\"fr\">Parking Sandenburg: gratuit<\/span><\/p>\n<p>[\/vc_column_text][vc_tta_section title=&#8221;Temps de navigation: 2 heures&#8221; tab_id=&#8221;1474946433683-1ac31c85-6066&#8243;][vc_column_text css=&#8221;&#8221;]<\/p>\n<table border=\"0\">\n<tbody>\n<tr>\n<td valign=\"top\">D\u00e9part:<\/td>\n<td valign=\"top\">Sur demande: 11.00, 12.00 ou 13.00 heures<\/td>\n<\/tr>\n<tr>\n<td valign=\"top\">Prix:<\/td>\n<td valign=\"top\">\u20ac 19,30 adults<br \/>\n\u20ac 11,00 les enfants<\/td>\n<\/tr>\n<\/tbody>\n<\/table>\n<p>[\/vc_column_text][\/vc_tta_section][vc_tta_section title=&#8221;R\u00e9servation&#8221; tab_id=&#8221;1474946496822-d1e94d54-bac3&#8243;][vc_column_text]<\/p>\n<table border=\"0\">\n<tbody>\n<tr>\n<td valign=\"top\">\n<p id=\"tw-target-text\" class=\"tw-data-text tw-ta tw-text-small\" dir=\"ltr\" data-placeholder=\"Vertaling\"><span lang=\"fr\">Il est possible de faire des r\u00e9servations pour des voyages aller-retour, \u00e0 la fois pour les petits et grands groupes. En ce qui concerne l&#8217;inscription, cela n&#8217;est possible que par e-mail, en indiquant votre nom, adresse et num\u00e9ro de t\u00e9l\u00e9phone via le formulaire de contact. Nous ferons en sorte que vous soyez inform\u00e9 rapidement.<\/span><\/p>\n<\/td>\n<td valign=\"top\"><\/td>\n<\/tr>\n<\/tbody>\n<\/table>\n<p>[\/vc_column_text][\/vc_tta_section][vc_tta_section title=&#8221;Vacances d&#8217;automne (Oct 2026)&#8221; tab_id=&#8221;1501338590673-553c26fb-4d1a&#8221;][vc_column_text css=&#8221;&#8221;]<\/p>\n<h3 id=\"tw-target-text\" class=\"tw-data-text tw-ta tw-text-medium\" dir=\"ltr\" data-placeholder=\"Vertaling\"><span lang=\"fr\">Vacances d&#8217;automne<br \/>\n<\/span><span lang=\"fr\">Croisi\u00e8res de Veere (Octobre 2026)<\/span><\/h3>\n<table border=\"0\">\n<tbody>\n<tr>\n<td>Samedi<\/td>\n<td>Octobre<\/td>\n<\/tr>\n<tr>\n<td>Mardi<\/td>\n<td>Octobre<\/td>\n<\/tr>\n<tr>\n<td>Mercredi<\/td>\n<td>Octobre<\/td>\n<\/tr>\n<tr>\n<td>Samedi<\/td>\n<td>Octobre<\/td>\n<\/tr>\n<tr>\n<td>Mardi<\/td>\n<td>Octobre<\/td>\n<\/tr>\n<tr>\n<td>Mercredi<\/td>\n<td>Octobre<\/td>\n<\/tr>\n<\/tbody>\n<\/table>\n<p>Depart \u00e1 13.00h, 14.00h et 15.00 h[\/vc_column_text][\/vc_tta_section][vc_row_inner][vc_column_inner width=&#8221;1\/3&#8243;]<!-- BEGIN .clearfix -->\n\t\t\t<div class=\"clearfix\">\n\t\t\t\t<a href=\"https:\/\/rondvaartveere.nl\/vaartochten\/rondvaarten\/\" \/>\n\t\t\t\t\t<!-- BEGIN .icon-block -->\n\t\t\t\t\t<div class=\"yachtcharter-one-third home-icon-wrapper\">\n\t\t\t\t\t\t<div class=\"yachtcharter-home-icon\">\n\t\t\t\t\t\t\t<img decoding=\"async\" src=\"https:\/\/rondvaartveere.nl\/wp-content\/uploads\/2016\/10\/SV-Varend-11-min.jpg\" \/>\n\t\t\t\t\t\t<\/div>\n\t\t\t\t\t\t<h4 style=\"text-align:center;\">Croisi\u00e8res<\/h4>\n\t\t\t\t\t\t<div class=\"title-block3\"><\/div>\n\t\t\t\t\t<\/div>\n\t\t\t\t<\/a>\n\t\t\t<!-- END .clearfix -->\n\t\t\t<\/div>[\/vc_column_inner][vc_column_inner width=&#8221;1\/3&#8243;]<!-- BEGIN .clearfix -->\n\t\t\t<div class=\"clearfix\">\n\t\t\t\t<a href=\"https:\/\/rondvaartveere.nl\/vaartochten\/feesten\/\" \/>\n\t\t\t\t\t<!-- BEGIN .icon-block -->\n\t\t\t\t\t<div class=\"yachtcharter-one-third home-icon-wrapper\">\n\t\t\t\t\t\t<div class=\"yachtcharter-home-icon\">\n\t\t\t\t\t\t\t<img decoding=\"async\" src=\"https:\/\/rondvaartveere.nl\/wp-content\/uploads\/2016\/10\/Entree-check.jpg\" \/>\n\t\t\t\t\t\t<\/div>\n\t\t\t\t\t\t<h4 style=\"text-align:center;\">F\u00eates<\/h4>\n\t\t\t\t\t\t<div class=\"title-block3\"><\/div>\n\t\t\t\t\t<\/div>\n\t\t\t\t<\/a>\n\t\t\t<!-- END .clearfix -->\n\t\t\t<\/div>[\/vc_column_inner][vc_column_inner width=&#8221;1\/3&#8243;]<!-- BEGIN .clearfix -->\n\t\t\t<div class=\"clearfix\">\n\t\t\t\t<a href=\"https:\/\/rondvaartveere.nl\/vaartochten\/zakelijke-evenementen\/\" \/>\n\t\t\t\t\t<!-- BEGIN .icon-block -->\n\t\t\t\t\t<div class=\"yachtcharter-one-third home-icon-wrapper\">\n\t\t\t\t\t\t<div class=\"yachtcharter-home-icon\">\n\t\t\t\t\t\t\t<img decoding=\"async\" src=\"https:\/\/rondvaartveere.nl\/wp-content\/uploads\/2016\/10\/1-Presentatie-SV-1.jpg\" \/>\n\t\t\t\t\t\t<\/div>\n\t\t\t\t\t\t<h4 style=\"text-align:center;\">Ev\u00e9nement d'affaires<\/h4>\n\t\t\t\t\t\t<div class=\"title-block3\"><\/div>\n\t\t\t\t\t<\/div>\n\t\t\t\t<\/a>\n\t\t\t<!-- END .clearfix -->\n\t\t\t<\/div>[\/vc_column_inner][\/vc_row_inner][\/vc_column][\/vc_row]<\/p>\n<\/div>","protected":false},"excerpt":{"rendered":"<p>[vc_row][vc_column][vc_empty_space][\/vc_column][\/vc_row][vc_row type=&#8221;full_width_section&#8221;][vc_column width=&#8221;1\/2&#8243;][vc_column_text css=&#8221;&#8221;][vc_column_text] P\u00e9riode des\u00a0Croisi\u00e8res en Bateau, 2026 Les croisi\u00e8res depuis Veere sur le Veerse Meer ont lieu tous les jours du vendredi 1 Mai au dimanche 27 septembre et les vacances d&#8217;automne; Octobre (voir les dates ci-dessous) avec le bateau \u00e0 passagers &#8220;Stad Veere&#8221;. Sur demande, il est possible pour les groupes de<\/p>\n","protected":false},"author":1,"featured_media":0,"parent":0,"menu_order":0,"comment_status":"closed","ping_status":"closed","template":"","meta":{"footnotes":""},"class_list":["post-1166","page","type-page","status-publish","hentry"],"_links":{"self":[{"href":"https:\/\/rondvaartveere.nl\/fr\/wp-json\/wp\/v2\/pages\/1166","targetHints":{"allow":["GET"]}}],"collection":[{"href":"https:\/\/rondvaartveere.nl\/fr\/wp-json\/wp\/v2\/pages"}],"about":[{"href":"https:\/\/rondvaartveere.nl\/fr\/wp-json\/wp\/v2\/types\/page"}],"author":[{"embeddable":true,"href":"https:\/\/rondvaartveere.nl\/fr\/wp-json\/wp\/v2\/users\/1"}],"replies":[{"embeddable":true,"href":"https:\/\/rondvaartveere.nl\/fr\/wp-json\/wp\/v2\/comments?post=1166"}],"version-history":[{"count":85,"href":"https:\/\/rondvaartveere.nl\/fr\/wp-json\/wp\/v2\/pages\/1166\/revisions"}],"predecessor-version":[{"id":1866,"href":"https:\/\/rondvaartveere.nl\/fr\/wp-json\/wp\/v2\/pages\/1166\/revisions\/1866"}],"wp:attachment":[{"href":"https:\/\/rondvaartveere.nl\/fr\/wp-json\/wp\/v2\/media?parent=1166"}],"curies":[{"name":"wp","href":"https:\/\/api.w.org\/{rel}","templated":true}]}}